{"id":250,"date":"2012-11-09T14:42:12","date_gmt":"2012-11-09T14:42:12","guid":{"rendered":"http:\/\/musikalische-stadtfuehrung.de\/?page_id=250"},"modified":"2012-11-12T08:41:25","modified_gmt":"2012-11-12T08:41:25","slug":"weihnachtsrundgang-mit-dem-nikolaus","status":"publish","type":"page","link":"http:\/\/musikalische-stadtfuehrung.de\/?page_id=250","title":{"rendered":"Weihnachtsrundgang mit dem Nikolaus"},"content":{"rendered":"<p><a href=\"http:\/\/musikalische-stadtfuehrung.de\/wp-content\/uploads\/2012\/10\/Weihnacht1001.jpg\"><img loading=\"lazy\" class=\"alignnone size-medium wp-image-254\" title=\"OLYMPUS DIGITAL CAMERA\" src=\"http:\/\/musikalische-stadtfuehrung.de\/wp-content\/uploads\/2012\/10\/Weihnacht1001-300x200.jpg\" alt=\"\" width=\"300\" height=\"200\" srcset=\"http:\/\/musikalische-stadtfuehrung.de\/wp-content\/uploads\/2012\/10\/Weihnacht1001-300x200.jpg 300w, http:\/\/musikalische-stadtfuehrung.de\/wp-content\/uploads\/2012\/10\/Weihnacht1001.jpg 979w\" sizes=\"(max-width: 300px) 100vw, 300px\" \/><\/a><\/p>\n<p>Wer noch nicht wu\u00dfte, das Halle die Weihnachtsstadt schlechthin ist, der wird es heute erfahren und auch warum. Weihnachtliche Kl\u00e4nge auf einer weihnachtlichhen Wanderung bis hin zum Weihnachtsmarkt. Dabei ist zu erkennen,warum nirgendwo die Glocken s\u00fc\u00dfer klingen als hier in Halle. Hier haben H\u00e4ndel und Zither-Reinhold weihnachtliches von sich gegeben,hier k\u00f6nnen Sie die Turmbl\u00e4ser von den Hausmannst\u00fcrmen erleben und hier\u00a0 k\u00f6nnen Sie die Englein singen h\u00f6ren. Wo genau? Catch Bolder zeigt es Ihnen auf einem Weg zu den Sternen und mit seinen Liedern. Sollte Ihnen zwischendurch kalt werden, tanzen ist erlaubt. Wissen Sie wo man in Halle denWeinachtsstern doppelt sehen kann? Kommen Sie mal mit&#8230;&#8230;<\/p>\n<p><a href=\"http:\/\/musikalische-stadtfuehrung.de\/wp-content\/uploads\/2012\/11\/weihnachtsmarkt-2009_620-xLarge.jpg\"><img loading=\"lazy\" class=\"alignnone size-medium wp-image-302\" title=\"weihnachtsmarkt-2009_620-xLarge\" src=\"http:\/\/musikalische-stadtfuehrung.de\/wp-content\/uploads\/2012\/11\/weihnachtsmarkt-2009_620-xLarge-300x199.jpg\" alt=\"\" width=\"300\" height=\"199\" srcset=\"http:\/\/musikalische-stadtfuehrung.de\/wp-content\/uploads\/2012\/11\/weihnachtsmarkt-2009_620-xLarge-300x199.jpg 300w, http:\/\/musikalische-stadtfuehrung.de\/wp-content\/uploads\/2012\/11\/weihnachtsmarkt-2009_620-xLarge.jpg 620w\" sizes=\"(max-width: 300px) 100vw, 300px\" \/><\/a><\/p>\n","protected":false},"excerpt":{"rendered":"<p>Wer noch nicht wu\u00dfte, das Halle die Weihnachtsstadt schlechthin ist, der wird es heute erfahren und auch warum. Weihnachtliche Kl\u00e4nge auf einer weihnachtlichhen Wanderung bis hin zum Weihnachtsmarkt. Dabei ist zu erkennen,warum nirgendwo die Glocken s\u00fc\u00dfer klingen als hier in &hellip; <a href=\"http:\/\/musikalische-stadtfuehrung.de\/?page_id=250\">Weiterlesen <span class=\"meta-nav\">&rarr;<\/span><\/a><\/p>\n","protected":false},"author":1,"featured_media":0,"parent":0,"menu_order":0,"comment_status":"closed","ping_status":"closed","template":"","meta":[],"_links":{"self":[{"href":"http:\/\/musikalische-stadtfuehrung.de\/index.php?rest_route=\/wp\/v2\/pages\/250"}],"collection":[{"href":"http:\/\/musikalische-stadtfuehrung.de\/index.php?rest_route=\/wp\/v2\/pages"}],"about":[{"href":"http:\/\/musikalische-stadtfuehrung.de\/index.php?rest_route=\/wp\/v2\/types\/page"}],"author":[{"embeddable":true,"href":"http:\/\/musikalische-stadtfuehrung.de\/index.php?rest_route=\/wp\/v2\/users\/1"}],"replies":[{"embeddable":true,"href":"http:\/\/musikalische-stadtfuehrung.de\/index.php?rest_route=%2Fwp%2Fv2%2Fcomments&post=250"}],"version-history":[{"count":18,"href":"http:\/\/musikalische-stadtfuehrung.de\/index.php?rest_route=\/wp\/v2\/pages\/250\/revisions"}],"predecessor-version":[{"id":267,"href":"http:\/\/musikalische-stadtfuehrung.de\/index.php?rest_route=\/wp\/v2\/pages\/250\/revisions\/267"}],"wp:attachment":[{"href":"http:\/\/musikalische-stadtfuehrung.de\/index.php?rest_route=%2Fwp%2Fv2%2Fmedia&parent=250"}],"curies":[{"name":"wp","href":"https:\/\/api.w.org\/{rel}","templated":true}]}}