{"id":60,"date":"2012-08-16T08:43:27","date_gmt":"2012-08-16T08:43:27","guid":{"rendered":"http:\/\/musikalische-stadtfuehrung.de\/?page_id=60"},"modified":"2012-11-12T08:55:51","modified_gmt":"2012-11-12T08:55:51","slug":"mit-wortwitz-und-gitarrenklang","status":"publish","type":"page","link":"http:\/\/musikalische-stadtfuehrung.de\/?page_id=60","title":{"rendered":"Durch die Altstadt mit Musik"},"content":{"rendered":"<p><iframe loading=\"lazy\" width=\"640\" height=\"480\" src=\"http:\/\/www.youtube.com\/embed\/mHf141xj_Xc?feature=oembed\" frameborder=\"0\" allowfullscreen><\/iframe><\/p>\n<p>&nbsp;<\/p>\n<p><a href=\"http:\/\/musikalische-stadtfuehrung.de\/wp-content\/uploads\/2012\/08\/F\u00fcnf-stolze-T\u00fcrme1.mp3\">F\u00fcnf stolze T\u00fcrme<\/a><\/p>\n<p>Catch Bolder f\u00fchrt die G\u00e4ste durch die Altstadt, den Stadtkern von Halle.Immer unter dem Aspekt informative Unterhaltung ist dies keine trockene Lehrveranstaltung sondern Entertainment. Lieder und Geschichten, Wahres und Sagenhaftes, Humor und Witz, aber auch ein bischen Sentimentales alles das was eine Stadt liebenswert macht wird auf diesem Bummel geboten \u00fcber die drei Marktpl\u00e4tze der Stadt, durch die verwinkelten alten Gassen und die altehrw\u00fcrdigen H\u00e4user,die zwei Weltkriege \u00fcberstanden haben. Witz, Gitarrenklang und Gesang pr\u00e4gen den Charakter dieser F\u00fchrung. Wer Spa\u00df mag und ein sonniges Gem\u00fct hat ist hier gut aufgehoben<\/p>\n<p>&nbsp;<\/p>\n","protected":false},"excerpt":{"rendered":"<p>&nbsp; F\u00fcnf stolze T\u00fcrme Catch Bolder f\u00fchrt die G\u00e4ste durch die Altstadt, den Stadtkern von Halle.Immer unter dem Aspekt informative Unterhaltung ist dies keine trockene Lehrveranstaltung sondern Entertainment. Lieder und Geschichten, Wahres und Sagenhaftes, Humor und Witz, aber auch ein &hellip; <a href=\"http:\/\/musikalische-stadtfuehrung.de\/?page_id=60\">Weiterlesen <span class=\"meta-nav\">&rarr;<\/span><\/a><\/p>\n","protected":false},"author":1,"featured_media":0,"parent":0,"menu_order":0,"comment_status":"closed","ping_status":"closed","template":"","meta":[],"_links":{"self":[{"href":"http:\/\/musikalische-stadtfuehrung.de\/index.php?rest_route=\/wp\/v2\/pages\/60"}],"collection":[{"href":"http:\/\/musikalische-stadtfuehrung.de\/index.php?rest_route=\/wp\/v2\/pages"}],"about":[{"href":"http:\/\/musikalische-stadtfuehrung.de\/index.php?rest_route=\/wp\/v2\/types\/page"}],"author":[{"embeddable":true,"href":"http:\/\/musikalische-stadtfuehrung.de\/index.php?rest_route=\/wp\/v2\/users\/1"}],"replies":[{"embeddable":true,"href":"http:\/\/musikalische-stadtfuehrung.de\/index.php?rest_route=%2Fwp%2Fv2%2Fcomments&post=60"}],"version-history":[{"count":8,"href":"http:\/\/musikalische-stadtfuehrung.de\/index.php?rest_route=\/wp\/v2\/pages\/60\/revisions"}],"predecessor-version":[{"id":176,"href":"http:\/\/musikalische-stadtfuehrung.de\/index.php?rest_route=\/wp\/v2\/pages\/60\/revisions\/176"}],"wp:attachment":[{"href":"http:\/\/musikalische-stadtfuehrung.de\/index.php?rest_route=%2Fwp%2Fv2%2Fmedia&parent=60"}],"curies":[{"name":"wp","href":"https:\/\/api.w.org\/{rel}","templated":true}]}}