{"id":62,"date":"2012-08-16T08:43:47","date_gmt":"2012-08-16T08:43:47","guid":{"rendered":"http:\/\/musikalische-stadtfuehrung.de\/?page_id=62"},"modified":"2012-10-25T16:54:56","modified_gmt":"2012-10-25T16:54:56","slug":"nachtschwarmerrundgang","status":"publish","type":"page","link":"http:\/\/musikalische-stadtfuehrung.de\/?page_id=62","title":{"rendered":"Der singende Nachtw\u00e4chter"},"content":{"rendered":"<p><a href=\"http:\/\/musikalische-stadtfuehrung.de\/wp-content\/uploads\/2012\/08\/DSC015092.jpg\"><img loading=\"lazy\" class=\"alignnone size-medium wp-image-245\" title=\"DSC01509\" src=\"http:\/\/musikalische-stadtfuehrung.de\/wp-content\/uploads\/2012\/08\/DSC015092-300x225.jpg\" alt=\"\" width=\"300\" height=\"225\" srcset=\"http:\/\/musikalische-stadtfuehrung.de\/wp-content\/uploads\/2012\/08\/DSC015092-300x225.jpg 300w, http:\/\/musikalische-stadtfuehrung.de\/wp-content\/uploads\/2012\/08\/DSC015092-1024x768.jpg 1024w\" sizes=\"(max-width: 300px) 100vw, 300px\" \/><\/a><\/p>\n<p>Mit Laterne und Gitarre geht es durch das n\u00e4chtliche Halle.Die f\u00fcnf T\u00fcrme, ber\u00fchmte Gestalten, die Kneipenmeile und ein M\u00fcllerbursche mit seinem Esel tauchen in der Dunkelheit auf. Sie sind nicht nur Stadtgeschichte, um sie ranken sich auch Geschichten und Legenden. Sie werden in Liedern besungen, die sofort ins Ohr gehen,geschrieben vom singenden Nachtw\u00e4chter Catch Bolder Lieder, Lieder, die durch die dunklen Gassen schallen getreu dem Motto: Christin(e)&#8216;, Christin(e) komm la\u00df uns um die H\u00e4user ziehn. Warum Halle die Nachtschichten erfunden hat und wo man Sterne doppelt sehen kann erf\u00e4hrt nur&#8230;&#8230;.. wer mitkommt!<\/p>\n","protected":false},"excerpt":{"rendered":"<p>Mit Laterne und Gitarre geht es durch das n\u00e4chtliche Halle.Die f\u00fcnf T\u00fcrme, ber\u00fchmte Gestalten, die Kneipenmeile und ein M\u00fcllerbursche mit seinem Esel tauchen in der Dunkelheit auf. Sie sind nicht nur Stadtgeschichte, um sie ranken sich auch Geschichten und Legenden. &hellip; <a href=\"http:\/\/musikalische-stadtfuehrung.de\/?page_id=62\">Weiterlesen <span class=\"meta-nav\">&rarr;<\/span><\/a><\/p>\n","protected":false},"author":1,"featured_media":0,"parent":0,"menu_order":0,"comment_status":"closed","ping_status":"closed","template":"","meta":[],"_links":{"self":[{"href":"http:\/\/musikalische-stadtfuehrung.de\/index.php?rest_route=\/wp\/v2\/pages\/62"}],"collection":[{"href":"http:\/\/musikalische-stadtfuehrung.de\/index.php?rest_route=\/wp\/v2\/pages"}],"about":[{"href":"http:\/\/musikalische-stadtfuehrung.de\/index.php?rest_route=\/wp\/v2\/types\/page"}],"author":[{"embeddable":true,"href":"http:\/\/musikalische-stadtfuehrung.de\/index.php?rest_route=\/wp\/v2\/users\/1"}],"replies":[{"embeddable":true,"href":"http:\/\/musikalische-stadtfuehrung.de\/index.php?rest_route=%2Fwp%2Fv2%2Fcomments&post=62"}],"version-history":[{"count":7,"href":"http:\/\/musikalische-stadtfuehrung.de\/index.php?rest_route=\/wp\/v2\/pages\/62\/revisions"}],"predecessor-version":[{"id":246,"href":"http:\/\/musikalische-stadtfuehrung.de\/index.php?rest_route=\/wp\/v2\/pages\/62\/revisions\/246"}],"wp:attachment":[{"href":"http:\/\/musikalische-stadtfuehrung.de\/index.php?rest_route=%2Fwp%2Fv2%2Fmedia&parent=62"}],"curies":[{"name":"wp","href":"https:\/\/api.w.org\/{rel}","templated":true}]}}