{"id":64,"date":"2012-08-16T08:44:01","date_gmt":"2012-08-16T08:44:01","guid":{"rendered":"http:\/\/musikalische-stadtfuehrung.de\/?page_id=64"},"modified":"2013-01-04T12:28:11","modified_gmt":"2013-01-04T12:28:11","slug":"handel-zeigt-seine-stadt","status":"publish","type":"page","link":"http:\/\/musikalische-stadtfuehrung.de\/?page_id=64","title":{"rendered":"H\u00e4ndel zeigt seine Stadt"},"content":{"rendered":"<p><a href=\"http:\/\/musikalische-stadtfuehrung.de\/wp-content\/uploads\/2012\/08\/PICT00574.jpg\"><img loading=\"lazy\" src=\"http:\/\/musikalische-stadtfuehrung.de\/wp-content\/uploads\/2012\/08\/PICT00574-199x300.jpg\" alt=\"\" title=\"KONICA MINOLTA DIGITAL CAMERA\" width=\"199\" height=\"300\" class=\"alignnone size-medium wp-image-329\" srcset=\"http:\/\/musikalische-stadtfuehrung.de\/wp-content\/uploads\/2012\/08\/PICT00574-199x300.jpg 199w, http:\/\/musikalische-stadtfuehrung.de\/wp-content\/uploads\/2012\/08\/PICT00574.jpg 200w\" sizes=\"(max-width: 199px) 100vw, 199px\" \/><\/a><br \/>\nGeorg Friedrich H\u00e4ndel, der gr\u00f6\u00dfte Sohn unserer Stadt war 18 jahre alt<br \/>\nals er1703 auszog um sein Gl\u00fcck zu machen. Er fand es in London.<br \/>\nDort schrieb er 40 Opern und 23 Oratorien.<br \/>\n<strong>JETZT IST ER ZUR\u00dcCK<\/strong><br \/>\nSeine heimliche Liebe ist Halle geblieben(deshalb schrieb er auch das<br \/>\nHALLE-luja) und nun m\u00f6chte er seine Stadt den Menschen zeigen, die<br \/>\nOrte seiner Kindheit und seiner Jugendzeit. Aber auch das neue Halle ist ihm l\u00e4ngst vertraut, schlie\u00dflich steht er als Denkmal seit 1859 auf dem Marktplatz und hat schon so vieles erlebt. Nun zieht er mit den G\u00e4sten singender- und erz\u00e4hlenderweise durch die Stadt um ihnen aufvergn\u00fcgliche Art und Weise deren Geschichte n\u00e4her zu bringen. War der gro\u00dfe Komponist eigentlich ein guter S\u00e4nger? Gehen Sie mal mit, dann werden Sie es erfahren. \u00dcbrigens nach der F\u00fchrung k\u00f6nnen Sie zu ihm wieder Klaus oder Catch sagen<\/p>\n","protected":false},"excerpt":{"rendered":"<p>Georg Friedrich H\u00e4ndel, der gr\u00f6\u00dfte Sohn unserer Stadt war 18 jahre alt als er1703 auszog um sein Gl\u00fcck zu machen. Er fand es in London. Dort schrieb er 40 Opern und 23 Oratorien. JETZT IST ER ZUR\u00dcCK Seine heimliche Liebe &hellip; <a href=\"http:\/\/musikalische-stadtfuehrung.de\/?page_id=64\">Weiterlesen <span class=\"meta-nav\">&rarr;<\/span><\/a><\/p>\n","protected":false},"author":1,"featured_media":0,"parent":0,"menu_order":0,"comment_status":"closed","ping_status":"closed","template":"","meta":[],"_links":{"self":[{"href":"http:\/\/musikalische-stadtfuehrung.de\/index.php?rest_route=\/wp\/v2\/pages\/64"}],"collection":[{"href":"http:\/\/musikalische-stadtfuehrung.de\/index.php?rest_route=\/wp\/v2\/pages"}],"about":[{"href":"http:\/\/musikalische-stadtfuehrung.de\/index.php?rest_route=\/wp\/v2\/types\/page"}],"author":[{"embeddable":true,"href":"http:\/\/musikalische-stadtfuehrung.de\/index.php?rest_route=\/wp\/v2\/users\/1"}],"replies":[{"embeddable":true,"href":"http:\/\/musikalische-stadtfuehrung.de\/index.php?rest_route=%2Fwp%2Fv2%2Fcomments&post=64"}],"version-history":[{"count":19,"href":"http:\/\/musikalische-stadtfuehrung.de\/index.php?rest_route=\/wp\/v2\/pages\/64\/revisions"}],"predecessor-version":[{"id":164,"href":"http:\/\/musikalische-stadtfuehrung.de\/index.php?rest_route=\/wp\/v2\/pages\/64\/revisions\/164"}],"wp:attachment":[{"href":"http:\/\/musikalische-stadtfuehrung.de\/index.php?rest_route=%2Fwp%2Fv2%2Fmedia&parent=64"}],"curies":[{"name":"wp","href":"https:\/\/api.w.org\/{rel}","templated":true}]}}